{"id":142,"date":"2014-06-26T16:23:24","date_gmt":"2014-06-26T15:23:24","guid":{"rendered":"http:\/\/wendypillonel.ch\/?page_id=142"},"modified":"2025-06-10T17:02:32","modified_gmt":"2025-06-10T16:02:32","slug":"uber-wendy-pillonel","status":"publish","type":"page","link":"https:\/\/wendypillonel.ch\/de\/uber-wendy-pillonel\/","title":{"rendered":"\u00dcber"},"content":{"rendered":"<p>Wendy Pillonel ist eine Dokumentar- und Spielfilm Regisseurin, die Dinosaurier, Science-Fiction und \u00fcberraschende Begegnungen liebt. Sie erhielt 2017 ihren Masterabschluss in Spielfilmregie an der Z\u00fcrcher Hochschule der K\u00fcnste (ZHdK). Alle ihre Kurzfilme wurden an verschiedenen internationalen Festivals gezeigt und ihr Abschlussfilm &#8220;Les Heures-Encre&#8221; gewann den Schweizer Filmpreis 2019.<\/p>\n<p>Wendy lebt und arbeitet in Z\u00fcrich. Neben freien Projekten ist sie als Lehrbeauftragte im Bachelor Film an der ZHdK t\u00e4tig und arbeitet gelegentlich f\u00fcr das Schweizer Fernsehen als Regisseurin von Dokudramas und Dokumentarfilme.<\/p>\n<p>Sie ist in verschiedenen Berufsverb\u00e4nde aktiv und Mitglied der folgenden Vorst\u00e4nde\u00a0<a href=\"https:\/\/filmakademie.ch\/de\"> Schweizer Filmakademie<\/a> seit 2022, Antenne Romande seit 2023 und<a href=\"https:\/\/arf-fds.ch\/\"> ARF\/FDS<\/a> seit 2024.<\/p>\n<p><a href=\"https:\/\/www.swissfilms.ch\/de\/film_search\/filmdetails\/-\/id_person\/9BE6FF806C6A42059AF5225AFD8D6DC6\">swissfilms<\/a>\u00a0|\u00a0<a href=\"http:\/\/www.imdb.com\/name\/nm5824707\/\">imdb<\/a> | <a href=\"https:\/\/vimeo.com\/user9926101\">vimeo<\/a><\/p>\n<h2><\/h2>\n<h2>Lebensweg<\/h2>\n<table class=\"about-table\" style=\"height: 463px;\" width=\"700\">\n<tbody>\n<tr>\n<td>Seit 2020<\/td>\n<td>Lehrbeauftragte an der <strong>Z\u00fcrcher Hochschule der K\u00fcnste<\/strong> (ZHdK) \u2013 Departement Bachelor Film.<\/td>\n<\/tr>\n<tr>\n<td>Seit 2019<\/td>\n<td>Regisseurin beim\u00a0<strong>Schweizer Radio und Fernsehen<\/strong> (SRF) f\u00fcr verschiedene Doku-Dramas und Dokumentarfilme.<\/td>\n<\/tr>\n<tr>\n<td>2020 &#8211; 2022<\/td>\n<td>Mitglied der K\u00fcnstlerischen Kommission f\u00fcr das Langspielfilmwettbewerb am <strong>FIFF<\/strong> &#8211; Festival International du Film de Fribourg<\/td>\n<\/tr>\n<tr>\n<td>2018 &#8211; 2021<\/td>\n<td>Pr\u00e4sidentin vom Verein\u00a0<strong><a href=\"https:\/\/fribourgfilms.ch\">Fribourg Films<\/a><\/strong>.<\/td>\n<\/tr>\n<tr>\n<td>2018 &#8211; 2019<\/td>\n<td>Regisseurin auf dem Forschungsprojekt vom Immersive Art Space\u00a0<a href=\"https:\/\/blog.zhdk.ch\/immersivearts\/snf-projekt-virtually-real\/\"><strong>Virtually Real<\/strong><\/a>\u00a0der Z\u00fcrcher Hochschule der K\u00fcnste.<\/td>\n<\/tr>\n<tr>\n<td>2018<\/td>\n<td>Teilnahme an der\u00a0<a href=\"https:\/\/www.locarnofestival.ch\/pardo\/pardo-live\/today-at-festival\/2018\/07\/Locarno-Filmmakers-Academy.html\"><strong>Locarno Filmmakers Academy<\/strong><\/a> unter anderen jungen vielversprechenden internationalen Filmemacher\u00b7innen.<\/td>\n<\/tr>\n<tr>\n<td>2016<\/td>\n<td>MA of Arts in Film Direction an der\u00a0Z\u00fcrcher Hochschule der K\u00fcnste (ZHdK)<\/td>\n<\/tr>\n<tr>\n<td>2014<\/td>\n<td>BA of Arts in Film an der\u00a0ZHdK<\/td>\n<\/tr>\n<tr>\n<td>2010<\/td>\n<td>BA of Arts in Art Education an der\u00a0Hochschule der K\u00fcnste Bern (HKB)<\/td>\n<\/tr>\n<tr>\n<td>1986<\/td>\n<td>geboren in\u00a0Estavayer-le-Lac. Schweizerisch-franz\u00f6sische Nationalit\u00e4t<\/td>\n<\/tr>\n<\/tbody>\n<\/table>\n<h2><\/h2>\n<h2>Filmografie<\/h2>\n<h3>2024 <a href=\"https:\/\/wendypillonel.ch\/de\/the-2004-tsunami\/\">Der Tsunami von 2024<\/a><\/h3>\n<p>91 Min \/ Doku-Fiktion &#8211; 7. Episode der Serie &#8220;Es geschah am&#8230;&#8221; \/ Produktion SRF<\/p>\n<h3>2022 &#8211; FUTURA &#8211; <a href=\"https:\/\/wendypillonel.ch\/de\/un-monde-parfait\/\">Un Monde Parfait<\/a><\/h3>\n<p>18 Minuten \/ Dokumentarfilm \/ Episode der Serie<strong> <a href=\"https:\/\/www.akkafilms.ch\/futura\/\">FUTURA<\/a> <\/strong>produziert von Dschoint Ventschr, Akka Films, Cin\u00e9dokk\u00e9 in Ko-Produktion mit SRG SSR<\/p>\n<p><strong>Festivals<\/strong><\/p>\n<ul>\n<li>2023 FIPADOC, Biarritz, Festival International de documentaires audiovisuels<\/li>\n<li>2022 &#8211; Zurich Film Festival 2022, Programme: Special screenings<\/li>\n<li>2022 &#8211; Geneva International Film Festival &#8211; Special Screening<\/li>\n<li>2022 &#8211; Castellinaria Festival del Cinema Giovane<\/li>\n<\/ul>\n<h3><\/h3>\n<h3>2022 <a href=\"https:\/\/nous.productions\/projets\/team-f-fur-die-zukunft-s2\">Team F<\/a> &#8211; Staffel 2<\/h3>\n<p>4x 28 Minuten \/ TV-dokumentarische Serie \/ 4 Episoden produziert von Nous Productions in Ko-Produktion mit SRG SSR.<\/p>\n<h3><\/h3>\n<h3>2021 <a href=\"https:\/\/wendypillonel.ch\/de\/les-nouvelles-eves\/\">Les Nouvelles Eves<\/a><\/h3>\n<p>80 Min \/ kollektiver Dokumentarfilm von Camille Budin, Annie Gisler, Jela Hasler, Tha\u00efs Odermatt, Wendy Pillonel, Anna Thommen \/ Emilia productions in Ko-produktion mit SRG SSR.<\/p>\n<blockquote><p><strong>*\u00a0 Gewinner vom <a href=\"https:\/\/www.innerschweizerfilmpreis.ch\/\">Innerschweizer Filmpreis 2023<\/a><\/strong><\/p>\n<p><strong>Festivals<\/strong><\/p>\n<ul>\n<li>17th Zurich Film Festival, 2021 \/ Programm: Special screenings<\/li>\n<li><a href=\"https:\/\/ffmop.de\/film_detail\/movie-61b897c3b2b73?\">43. Max Oph\u00fcls Filmfestival, 2022<\/a> \/ Wettbewerb Dokumentarfilm<\/li>\n<\/ul>\n<\/blockquote>\n<h3><\/h3>\n<h3>2020 <a href=\"https:\/\/wendypillonel.ch\/de\/bis-dass-der-tod-euch-scheidet\/\">Bis dass der Tod euch scheidet<\/a><\/h3>\n<p>91 Min \/ Doku-Fiktion &#8211; 3. Episode der Serie &#8220;Es geschah am&#8230;&#8221; \/ Produktion SRF<\/p>\n<h3><\/h3>\n<h3>2020\u00a0<a href=\"http:\/\/wendypillonel.ch\/es-geschah-am-postraub\/\">Der Postraub des Jahrhunderts<\/a><\/h3>\n<p>100 Min \/ Doku-Fiktion &#8211; 2. Episode der Serie &#8220;Es geschah am&#8230;&#8221; \/ Produktion SRF<\/p>\n<h3><\/h3>\n<h3>2019\u00a0<a href=\"https:\/\/wendypillonel.ch\/de\/lux\/\">Lux<\/a><\/h3>\n<p>8 min \/ Arri Alexa \/ Fiction &#8211; Forschungsprojekt \/ Produktion Immersive Art Space, Z\u00fcrcher Hochschule der K\u00fcnste<\/p>\n<h3><\/h3>\n<h3>2017\u00a0<a href=\"https:\/\/wendypillonel.ch\/de\/les-heures-encre-3\/\">Les Heures-Encre<\/a><\/h3>\n<p>29\u00a0min \/ Arri Alexa \/ Fiktion \/ Produktion Peacock Film in\u00a0Koproduktion mit\u00a0ZHdK<\/p>\n<blockquote><p><strong>Preise<\/strong><\/p>\n<p>2019 Schweizer Filmpreis<br \/>\n<strong>*Bester Abschlussfilm<\/strong><\/p>\n<p>2019 Festival de cinema de mujeres, FEMCINE<br \/>\n<strong>*Lobende Erw\u00e4hnung<\/strong><\/p>\n<p>2018 Festival International du Film de Fribourg<br \/>\n<strong>*Preis Auslandsvisum<\/strong><\/p>\n<p>2018 Festival Un poing c\u2019est court<br \/>\n<strong>*Prix de la Francophonie<\/strong><\/p>\n<p>2017 International Leuven Kort Film Festival<br \/>\n<strong>*Publikumspreis \u2013 Europ\u00e4ischer Wettbewerb<\/strong><\/p>\n<p>2017 International Student Film &amp; Video Festival of Beijing Film Academy (ISFVF)\u00a0<strong>* Publikumspreis<br \/>\n<\/strong><\/p>\n<p>2017 Festival international des Signes de Nuit<br \/>\n<strong>* Edward Snowden Award<\/strong><\/p>\n<p>2017 First Steps Awards Berlin<br \/>\n<strong>*Nominiert als bester Mittellanger Film<\/strong><\/p>\n<p>2017 Studio Hamburg Nachwuchspreis<br \/>\n<strong>*Nominiert als bester Kurzfilm<\/strong><\/p>\n<p><strong>Festivals<\/strong> (Auswahl)<\/p>\n<p class=\"p1\">Festival de court-m\u00e9trage de Clermont-Ferrand 2018 \/ Locarno Film Festival 2018 \/ International Leuven Kort Film Festival 2017 \/ International Film Festival LA Shorts Fest 2017 \/ Studio Hamburg Nachwuchspreis 2017 \/ Leiden International Short Film Experience 2019 \/ Columbus International Film Festival 2019 \/ Flickers\u2019 Roving Eye International Film Festival, Rhodes Island 2019 \/ Itin\u00e9rances \u2013 Festival de Cin\u00e9ma 2019 \/International Film Festival ZOOM, Poland 2019 \/ Aesthetica Short Film Festival York 2018 \/ Geneva International Film Festival 2018 \/ Festival Europ\u00e9en du Film Court de Nice 2018 \/ Provinziale Film Festival Eberswalde 2018 \/\u00a0Filmz, Festival des Deutschen Kinos 2017\/ Camerimage, International Film Festival, Poland 2017 \/ Festival international des Signes de Nuit, Paris 2017\u00a0\/ Journ\u00e9es de Soleure 2017 \/ Filmfestival Max Oph\u00fcls Preis 2017<\/p>\n<\/blockquote>\n<h3><\/h3>\n<h3>2016 <a href=\"https:\/\/wendypillonel.ch\/de\/peripherie-2\/\">Peripherie<\/a><\/h3>\n<p>81 min \/ Arri Alexa \/ Fiktion \/ Episodenfilm in Ko-Regie \/ Produktion ZHdK<\/p>\n<blockquote><p><strong>Festivals<\/strong><\/p>\n<ul>\n<li>12. Z\u00fcrich Film Festival 2016 \/ Programm: Fokus Schweiz, Deutschland, \u00d6sterreich \/ Wettbewerb<\/li>\n<li>52. Solothurner Filmtage 2017 \/ im Wettbewerb: PRIX DU PUBLIC<\/li>\n<li>11. Internationales F\u00fcnf Seen Filmfestival 2017 \/ im Wettbewerb: Perspektive junges Kino<\/li>\n<li><a href=\"http:\/\/www.mostra.org\/\" target=\"_blank\" rel=\"noopener\">Mostra Internacional de Cinema \u2013 IFF \u2013 Sao Paulo Int.Film Festival\u00a0<\/a>\u00a0Sao Paolo | Brasilien \/ special Focus Schweiz<\/li>\n<\/ul>\n<\/blockquote>\n<h3><\/h3>\n<h3>2015<strong>\u00a0<\/strong><a href=\"https:\/\/wendypillonel.ch\/de\/destiny-3\/\"><strong>Destiny<\/strong><\/a><\/h3>\n<p>16 Min 20 \/ Arri Alexa \/ Fiktion\/ Produktion ZHdK in Koproduktion mit SRF<\/p>\n<blockquote><p><strong>Festivals<\/strong><\/p>\n<ul>\n<li>51. Solothurner Filmtage 2016, Programm: Upcoming Talents<\/li>\n<li>Festival du film \u00e9tudiant Qu\u00e9bec, 2015<\/li>\n<li>Ascona Film Festival, 2017<\/li>\n<li>8th Chalon Tout Court Film Festival, 2017<\/li>\n<li>G\u00e4ssli Film Festival 2017, Basel<br \/>\n<strong>* Bester Kurzfilm<\/strong><br \/>\n<strong>* Beste Regie\u00a0<\/strong><\/li>\n<\/ul>\n<\/blockquote>\n<h3><\/h3>\n<h3>2014\u00a0<a title=\"Mirages\" href=\"http:\/\/wendypillonel.ch\/mirages\/\"><strong>Mirages<\/strong><\/a><\/h3>\n<p>14 Min 50 \/ Arri Alexa \/ Fiktion \/ Produktion ZHdK<\/p>\n<blockquote><p><strong>Festivals<\/strong><\/p>\n<ul>\n<li>Bangalore Short Film Festival 2014, Indien<\/li>\n<li>Upcoming Filmmakers, 2014, Luzern<\/li>\n<li>International Student Film &amp; Video Festival of Beijing, 2014, China<\/li>\n<li>Ascona Film Festival, 2015<\/li>\n<li>Festival du film \u00e9tudiant Qu\u00e9bec, 2015<\/li>\n<li>The 4th International Water and Film Event, 2015, Daegu, S\u00fcdkorea<\/li>\n<li>International Nature Film Festival 2015 G\u00f6d\u00f6ll\u0151, Ungarn<\/li>\n<li>G\u00e4ssli Film Festival 2015, Basel<\/li>\n<li>Innsbruck Nature Film Festival 2015, \u00d6sterreich<br \/>\n<strong>* Bester Kurzfilm<\/strong><\/li>\n<\/ul>\n<\/blockquote>\n<h3><\/h3>\n<h3>2013\u00a0<a title=\"Eldorado\" href=\"http:\/\/wendypillonel.ch\/eldorado\/\"><strong>Eldorado<\/strong><\/a><\/h3>\n<p>11 Min 50 \/ Arri Alexa \/ Fiktion\u00a0\/ Produktion ZHdK<\/p>\n<blockquote><p><strong>Festivals<\/strong><\/p>\n<ul>\n<li>Nuit du court-m\u00e9trage Fribourg, 25.10.13,\u00a0Er\u00f6ffnungsfilm<\/li>\n<li>Festival du film \u00e9tudiant Qu\u00e9bec, 2014<\/li>\n<li>Aesthetica Short Film Festival 2014, York,\u00a0England<\/li>\n<\/ul>\n<\/blockquote>\n<h3><\/h3>\n<h3>2012\u00a0<a title=\"Parachutes\" href=\"http:\/\/wendypillonel.ch\/parachutes\/\"><strong>Parachutes<\/strong><\/a><\/h3>\n<p>5 Min 50 \/ 35 mm, Arri Alexa \/ Fiktion\u00a0\/ Produktion ZHdK<\/p>\n<blockquote><p><strong>Festivals<\/strong><\/p>\n<ul>\n<li>Shnit Festival 2012, Bern<\/li>\n<li>Kurz und sch\u00f6n 2012, K\u00f6ln,\u00a0Deutschland<\/li>\n<li>48. Solothurner Filmtage 2013<\/li>\n<li>Swiss Panorama 2013, Sao Paulo,\u00a0Brasilien<\/li>\n<li>Amalty Film Festival 2013, Kazakhstan<\/li>\n<li>Jugendfilmtage 2013, Z\u00fcrich<\/li>\n<li>Aesthetica Short Film Festival 2013, York,\u00a0England<\/li>\n<li>Ascona Film Festival, 2014<\/li>\n<li>Festival du film \u00e9tudiant Qu\u00e9bec 2014, Kanada<\/li>\n<li>Cin\u00e9 Globe, Meyrin, 2014<\/li>\n<li>Festival de Cin\u00e9ma de la Ville de Qu\u00e9bec 2014, Kanada<\/li>\n<li>Innsbruck Nature Film Festival 2014, \u00d6sterreich<\/li>\n<li>The 4th International Water and Film Event,\u00a0\u00a02015, Daegu, S\u00fcdkorea<\/li>\n<\/ul>\n<\/blockquote>\n<h3><\/h3>\n","protected":false},"excerpt":{"rendered":"<p>Wendy Pillonel ist eine Dokumentar- und Spielfilm Regisseurin, die Dinosaurier, Science-Fiction und \u00fcberraschende Begegnungen liebt. Sie erhielt 2017 ihren Masterabschluss in Spielfilmregie an der Z\u00fcrcher Hochschule der K\u00fcnste (ZHdK). Alle ihre Kurzfilme wurden an verschiedenen internationalen Festivals gezeigt und ihr Abschlussfilm &#8220;Les Heures-Encre&#8221; gewann den Schweizer Filmpreis 2019. Wendy lebt und arbeitet in Z\u00fcrich. Neben [&hellip;]<\/p>\n","protected":false},"author":1,"featured_media":0,"parent":0,"menu_order":0,"comment_status":"open","ping_status":"closed","template":"","meta":{"footnotes":""},"class_list":["post-142","page","type-page","status-publish","hentry"],"_links":{"self":[{"href":"https:\/\/wendypillonel.ch\/de\/wp-json\/wp\/v2\/pages\/142","targetHints":{"allow":["GET"]}}],"collection":[{"href":"https:\/\/wendypillonel.ch\/de\/wp-json\/wp\/v2\/pages"}],"about":[{"href":"https:\/\/wendypillonel.ch\/de\/wp-json\/wp\/v2\/types\/page"}],"author":[{"embeddable":true,"href":"https:\/\/wendypillonel.ch\/de\/wp-json\/wp\/v2\/users\/1"}],"replies":[{"embeddable":true,"href":"https:\/\/wendypillonel.ch\/de\/wp-json\/wp\/v2\/comments?post=142"}],"version-history":[{"count":112,"href":"https:\/\/wendypillonel.ch\/de\/wp-json\/wp\/v2\/pages\/142\/revisions"}],"predecessor-version":[{"id":2631,"href":"https:\/\/wendypillonel.ch\/de\/wp-json\/wp\/v2\/pages\/142\/revisions\/2631"}],"wp:attachment":[{"href":"https:\/\/wendypillonel.ch\/de\/wp-json\/wp\/v2\/media?parent=142"}],"curies":[{"name":"wp","href":"https:\/\/api.w.org\/{rel}","templated":true}]}}