{"id":112,"date":"2014-02-04T14:48:09","date_gmt":"2014-02-04T13:48:09","guid":{"rendered":"http:\/\/wendypillonel.ch\/about-wendy-pillonel-2\/"},"modified":"2024-11-26T12:24:50","modified_gmt":"2024-11-26T11:24:50","slug":"about-wendy-pillonel","status":"publish","type":"page","link":"https:\/\/wendypillonel.ch\/fr\/about-wendy-pillonel\/","title":{"rendered":"\u00c0 propos"},"content":{"rendered":"\n<blockquote class=\"wp-block-quote is-layout-flow wp-block-quote-is-layout-flow\">\n<p><\/p>\n<\/blockquote>\n\n\n<p>Wendy Pillonel est une r\u00e9alisatrice de films documentaires et de fiction qui aime les dinosaures, la science-fiction et les rencontres surprenantes.<br \/>Elle a obtenu son master en r\u00e9alisation \u00e0 la Haute \u00e9cole des arts de Zurich (ZHdK) en 2017. Ses courts m\u00e9trages ont \u00e9t\u00e9 pr\u00e9sent\u00e9s dans divers festivals internationaux et son film de dipl\u00f4me \u00ab\u00a0Les Heures-Encre\u00a0\u00bb a remport\u00e9 le Prix du cin\u00e9ma suisse 2019.<\/p>\n<p>Originaire de Suisse romande, Wendy vit et travaille \u00e0 Zurich. Outre ses projets ind\u00e9pendants, elle est charg\u00e9e de cours en Bachelor Cin\u00e9ma \u00e0 la ZHdK et travaille r\u00e9guli\u00e8rement pour la t\u00e9l\u00e9vision suisse allemande (SRF) en tant que r\u00e9alisatrice de docu-fictions et de documentaires.<\/p>\n<p>Active dans diverses organisations professionnelles, elle est membre des comit\u00e9s de l&rsquo;<a href=\"https:\/\/filmakademie.ch\/fr\">Acad\u00e9mie du Cin\u00e9ma Suisse<\/a> depuis 2022, de l&rsquo;Antenne Romande depuis 2023 et de l&rsquo;<a href=\"https:\/\/arf-fds.ch\/fr\/\">ARF\/FDS<\/a> depuis 2024.<\/p>\n<p><a href=\"https:\/\/www.swissfilms.ch\/fr\/film_search\/filmdetails\/-\/id_person\/9BE6FF806C6A42059AF5225AFD8D6DC6\">swissfilms<\/a>\u00a0|\u00a0<a href=\"http:\/\/www.imdb.com\/name\/nm5824707\/\">imdb<\/a> | <a href=\"https:\/\/vimeo.com\/user9926101\">vimeo<\/a><\/p>\n<h2>\u00a0<\/h2>\n<h2>Parcours<\/h2>\n<table class=\"about-table\">\n<tbody>\n<tr>\n<td>Depuis 2020<\/td>\n<td>Enseignante \u00e0 la <strong>Haute \u00c9cole des Arts de Z\u00fcrich<\/strong> (ZHdK) &#8211; D\u00e9partement Bachelor Cin\u00e9ma<\/td>\n<\/tr>\n<tr>\n<td>Depuis 2019<\/td>\n<td>R\u00e9alisatrice de docufictions et de documentaires pour la t\u00e9l\u00e9vision suisse &#8211; <strong>Schweizer Radio und Fernsehen<\/strong> (SRF)<\/td>\n<\/tr>\n<tr>\n<td>2020 &#8211; 2022<\/td>\n<td>Membre de la commission artistique pour la comp\u00e9tition longs m\u00e9trages au <strong>FIFF<\/strong> &#8211; Festival International du Film de Fribourg<\/td>\n<\/tr>\n<tr>\n<td>2018 &#8211; 2021<\/td>\n<td>Pr\u00e9sidente de l&rsquo;association\u00a0<strong><a href=\"https:\/\/fribourgfilms.ch\/\">Fribourg Films<\/a><\/strong>.<\/td>\n<\/tr>\n<tr>\n<td>2018 &#8211; 2019<\/td>\n<td>R\u00e9alisatrice sur le projet de recherche <strong><a href=\"https:\/\/blog.zhdk.ch\/immersivearts\/snf-projekt-virtually-real\/\">Virtually Real<\/a><\/strong>\u00a0de la ZHdK.<\/td>\n<\/tr>\n<tr>\n<td>2018<\/td>\n<td>S\u00e9lection \u00e0 la\u00a0<strong><a href=\"https:\/\/www.locarnofestival.ch\/pardo\/pardo-live\/today-at-festival\/2018\/07\/Locarno-Filmmakers-Academy.html\">Locarno Filmmakers Academy<\/a><\/strong>\u00a0parmi d&rsquo;autres jeunes r\u00e9alisateurs\u00b7rice\u00b7s du monde entier<\/td>\n<\/tr>\n<tr>\n<td>2016<\/td>\n<td>Master of Arts in Film Direction\u00a0\u00e0 la\u00a0Z\u00fcrcher Hochschule der K\u00fcnste (ZHdK)<\/td>\n<\/tr>\n<tr>\n<td>2014<\/td>\n<td>Bachelor of Arts in Film \u00e0 la\u00a0ZHdK<\/td>\n<\/tr>\n<tr>\n<td>2010<\/td>\n<td>Bachelor of Arts in Art Education \u00e0 la\u00a0Hochschule der K\u00fcnste Bern (HKB)<\/td>\n<\/tr>\n<tr>\n<td>1986<\/td>\n<td>Naissance \u00e0 Estavayer-le-Lac, nationalit\u00e9 franco-suisse<\/td>\n<\/tr>\n<\/tbody>\n<\/table>\n<h2>\u00a0<\/h2>\n<h2>Filmographie<br \/><br \/><\/h2>\n<h3>2024 <a href=\"https:\/\/wendypillonel.ch\/fr\/the-2004-tsunami\/\">Le tsunami de 2004<\/a><\/h3>\n<p>91 min \/ Docu-fiction &#8211; 7\u00e8me \u00e9pisode de la s\u00e9rie \u00ab\u00a0Es geschah am&#8230;\u00a0\u00bb \/ Production SRF<br \/><br \/><\/p>\n<h3>2022 FUTURA &#8211; <a href=\"https:\/\/wendypillonel.ch\/fr\/un-monde-parfait\/\">Un Monde Parfait<\/a><\/h3>\n<p>18 minutes \/ Documentaire \/ \u00e9pisode de la s\u00e9rie <strong><a href=\"https:\/\/www.akkafilms.ch\/futura\/\">FUTURA<\/a><\/strong> produite par Dschoint Ventschr, Akka Films, Cin\u00e9dokk\u00e9 en co-production avec SRG SSR<\/p>\n<p><strong>Festivals<\/strong><\/p>\n<ul>\n<li>18th Zurich Film Festival 2022, Programme: Special screenings<\/li>\n<li>28th Geneva International Film Festival 2022 &#8211; Special Screening<\/li>\n<li>35th Castellinaria Festival del Cinema Giovane 2022<\/li>\n<\/ul>\n<h3>\u00a0<\/h3>\n<h3>2022 <a href=\"https:\/\/nous.productions\/projets\/team-f-fur-die-zukunft-s2\">Team F<\/a> &#8211; Saison 2<\/h3>\n<p>4x 28 minutes \/ s\u00e9rie documentaire pour la t\u00e9l\u00e9vision \/ 4 \u00e9pisodes produits par Nous Productions en co-production avec SRG SSR.<br \/><br \/><\/p>\n<h3>2021 <a href=\"https:\/\/wendypillonel.ch\/fr\/les-nouvelles-eves\/\">Les Nouvelles Eves<\/a><\/h3>\n<p>80 min \/ documentaire collectif r\u00e9alis\u00e9 par Camille Budin, Annie Gisler, Jela Hasler, Tha\u00efs Odermatt, Wendy Pillonel, Anna Thommen \/ Emilia productions en co-production avec SRG SSR.<\/p>\n<blockquote>\n<p><strong>* <a href=\"https:\/\/www.innerschweizerfilmpreis.ch\/\">Prix du Cin\u00e9ma de Suisse Centrale 2023<\/a><\/strong><\/p>\n<p><strong>Festivals<\/strong><\/p>\n<ul>\n<li>17th Zurich Film Festival 2021 \/ Programme: Special screenings<\/li>\n<li><a href=\"https:\/\/ffmop.de\/film_detail\/movie-61b897c3b2b73?\">43. Max Oph\u00fcls Filmfestival, 2022<\/a> \/ Comp\u00e9tition longs m\u00e9trages documentaires<\/li>\n<\/ul>\n<\/blockquote>\n<h3>\u00a0<\/h3>\n<h3>2020\u00a0<a href=\"https:\/\/wendypillonel.ch\/fr\/jusqua-ce-que-la-mort-vous-separe\/\">Bis dass der Tod euch scheidet<\/a><\/h3>\n<p>91 min \/ Docu-Fiction &#8211; 3\u00e8me \u00e9pisode de la s\u00e9rie \u00ab\u00a0Es geschah am&#8230;\u00a0\u00bb \/ Production SRF<\/p>\n<h3>\u00a0<\/h3>\n<h3>2020\u00a0<a href=\"http:\/\/wendypillonel.ch\/es-geschah-am-postraub\/\">Der Postraub des Jahrhunderts<\/a><\/h3>\n<p>100 min \/ Docu-Fiction &#8211; 2\u00e8me \u00e9pisode de la s\u00e9rie \u00ab\u00a0Es geschah am&#8230;\u00a0\u00bb \/ Production SRF<\/p>\n<h3>\u00a0<\/h3>\n<h3>2019 <a href=\"https:\/\/wendypillonel.ch\/fr\/lux\/\">Lux<\/a><\/h3>\n<p>8min \/ Arri Alexa \/ Fiction &#8211; projet de recherce\/ Production Institut of Performing Arts from the ZHdK<\/p>\n<h3>\u00a0<\/h3>\n<h3>2017\u00a0<a href=\"https:\/\/wendypillonel.ch\/fr\/les-heures-encre-2\/\">Les Heures-Encre<\/a><\/h3>\n<p>29\u00a0min \/ Arri Alexa \/ Fiction \/ Production Peacock Film en coproduction avec\u00a0ZHdK<\/p>\n<blockquote>\n<p><strong>Prix<\/strong><\/p>\n<p>2019 Prix du Cin\u00e9ma Suisse<br \/><strong>*Meilleur Film de Dipl\u00f4me<\/strong><\/p>\n<p>2019 Festival de cinema de mujeres, FEMCINE<br \/><strong>*Mention sp\u00e9ciale<\/strong><\/p>\n<p>2018 Festival International du Film de Fribourg<br \/><strong>* Prix Visa \u00c9tranger<\/strong><\/p>\n<p>2018 Festival Un poing c\u2019est court<br \/><strong>* Prix de la Francophonie<\/strong><\/p>\n<p>2017 International Leuven Kort Film Festival<br \/><strong>* Prix du public \u2013 comp\u00e9tition europ\u00e9enne<\/strong><\/p>\n<p>2017 International Student Film &amp; Video Festival of Beijing Film Academy (ISFVF)\u00a0<strong>* Prix du public<br \/><\/strong><\/p>\n<p>2017 Festival international des Signes de Nuit<br \/><strong>* Edward Snowden Award<\/strong><\/p>\n<p>2017 First Steps Awards Berlin<br \/><strong>*nomin\u00e9 comme meilleur moyen-m\u00e9trage<\/strong><\/p>\n<p>2017 Studio Hamburg Nachwuchspreis<br \/><strong>*nomin\u00e9 comme meilleur court-m\u00e9trage<\/strong><\/p>\n<\/blockquote>\n<h3>\u00a0<\/h3>\n<h3>2016 <a href=\"https:\/\/wendypillonel.ch\/fr\/peripherie\/\">Periphery<\/a><\/h3>\n<p>81 min \/ Arri Alexa \/ Fiction \/ film choral collectif \/ Production ZHdK<\/p>\n<blockquote>\n<p><strong>Festivals<\/strong><\/p>\n<ul>\n<li>12\u00e8me Zurich Film Festival 2016 \/ programme: Projecteurs sur Suisse, Allemagne, Autriche \/ Comp\u00e9tition<\/li>\n<li>52es Journ\u00e9es de Soleure 2017 \/ en comp\u00e9tition: PRIX DU PUBLIC<\/li>\n<li>11. Internationales F\u00fcnf Seen Filmfestival 2017 \/ en comp\u00e9tition: Perspektive junges Kino<\/li>\n<li><a href=\"http:\/\/www.mostra.org\/\" target=\"_blank\" rel=\"noopener\">Mostra Internacional de Cinema \u2013 IFF \u2013 Sao Paulo Int.Film Festival\u00a0<\/a>\u00a0Sao Paolo | Brasilien \/ sp\u00e9cial Focus Schweiz<\/li>\n<\/ul>\n<\/blockquote>\n<h3>\u00a0<\/h3>\n<h3>2015<strong>\u00a0<\/strong><a href=\"https:\/\/wendypillonel.ch\/fr\/destiny-2\/\"><strong>Destiny<\/strong><\/a><\/h3>\n<p>16 min 20 \/ Arri Alexa \/ Fiction \/\u00a0Production ZHdK<\/p>\n<blockquote>\n<p><strong>Festivals<\/strong><\/p>\n<ul>\n<li>51es Journ\u00e9es de Soleure 2016, programme: Upcoming Talents<\/li>\n<li>Festival du film \u00e9tudiant Qu\u00e9bec, 2015<\/li>\n<li>Ascona Film Festival, 2017<\/li>\n<li>8th Chalon Tout Court Film Festival, 2017<\/li>\n<li>G\u00e4ssli Film Festival 2017, Basel<br \/><strong>* Meilleur court-m\u00e9trage suisse, G\u00e4ssli Film Festival 2017<br \/><\/strong><strong>* Meilleure r\u00e9alisation, G\u00e4ssli Film Festival 2017<\/strong><\/li>\n<\/ul>\n<\/blockquote>\n<h3>\u00a0<\/h3>\n<h3>2014\u00a0<a title=\"Mirages\" href=\"http:\/\/wendypillonel.ch\/mirages\/\"><strong>Mirages<\/strong><\/a><\/h3>\n<p>14 min 50 \/ Arri Alexa \/ Fiction \/\u00a0Production ZHdK<\/p>\n<blockquote>\n<p><strong>Festivals<\/strong><\/p>\n<ul>\n<li>Bangalore Short Film Festival 2014, Inde<\/li>\n<li>Upcoming Filmmakers 2014, Lucerne<\/li>\n<li>International Student Film &amp; Video Festival of Beijing, 2014, Chine<\/li>\n<li>Ascona Film Festival, 2015<\/li>\n<li>Festival du film \u00e9tudiant Qu\u00e9bec 2015, Canada<\/li>\n<li>Rencontres Internationales \u00ab\u00a0Eau et Cin\u00e9ma\u00a0\u00bb,\u00a0\u00a02015, Daegu,\u00a0Cor\u00e9e du Sud<\/li>\n<li>International Nature Film Festival 2015 G\u00f6d\u00f6ll\u0151, Hongrie<\/li>\n<li>G\u00e4ssli Film Festival 2015,\u00a0B\u00e2le<\/li>\n<li>Innsbruck Nature Film Festival 2015, Autriche<br \/><strong>* 1er prix dans la cat\u00e9gorie meilleur court-m\u00e9trage<\/strong><\/li>\n<\/ul>\n<\/blockquote>\n<h3>\u00a0<\/h3>\n<h3>2013\u00a0<a title=\"Eldorado\" href=\"http:\/\/wendypillonel.ch\/eldorado\/\"><strong>Eldorado<\/strong><\/a><\/h3>\n<p>11 min 50 \/ Arri Alexa \/ Fiction\u00a0\/\u00a0Production ZHdK<\/p>\n<blockquote>\n<p><strong>Festivals<\/strong><\/p>\n<ul>\n<li>Nuit du court-m\u00e9trage Fribourg, 25.10.13, film d&rsquo;ouverture<\/li>\n<li>Festival du film \u00e9tudiant Qu\u00e9bec, 2014<\/li>\n<li>Aesthetica Short Film Festival, 2014, York, Royaume-Uni<\/li>\n<\/ul>\n<\/blockquote>\n<h3>\u00a0<\/h3>\n<h3>2012\u00a0<a title=\"Parachutes\" href=\"http:\/\/wendypillonel.ch\/parachutes\/\"><strong>Parachutes<\/strong><\/a><\/h3>\n<p>5 min 50 \/ 35 mm, Arri Alexa \/ Fiction \/\u00a0Production ZHdK<\/p>\n<blockquote>\n<p><strong>Festivals<\/strong><\/p>\n<ul>\n<li>Shnit Festival 2012, Bern<\/li>\n<li>Kurz und sch\u00f6n 2012, K\u00f6ln, Allemagne<\/li>\n<li>48es Journ\u00e9es de Soleure 2013<\/li>\n<li>Swiss Panorama 2013, Sao Paulo, Br\u00e9sil<\/li>\n<li>Amalty Film Festival 2013, Kazakhstan<\/li>\n<li>Jugendfilmtage 2013, Z\u00fcrich<\/li>\n<li>Aesthetica Short Film Festival 2013, York, Royaume-Uni<\/li>\n<li>Ascona Film Festival, 2014<\/li>\n<li>Festival du film \u00e9tudiant Qu\u00e9bec, 2014<\/li>\n<li>Cin\u00e9 Globe, Meyrin, 2014<\/li>\n<li>Festival de Cin\u00e9ma de la Ville de Qu\u00e9bec, 2014<\/li>\n<li>Innsbruck Nature Film Festival 2014, Autriche<\/li>\n<li>Rencontres Internationales \u00ab\u00a0Eau et Cin\u00e9ma\u00a0\u00bb,\u00a0\u00a02015, Daegu,\u00a0Cor\u00e9e du Sud<\/li>\n<\/ul>\n<\/blockquote>\n<h3><strong>\u00a0<\/strong><\/h3>","protected":false},"excerpt":{"rendered":"<p>Wendy Pillonel est une r\u00e9alisatrice de films documentaires et de fiction qui aime les dinosaures, la science-fiction et les rencontres surprenantes.Elle a obtenu son master en r\u00e9alisation \u00e0 la Haute \u00e9cole des arts de Zurich (ZHdK) en 2017. Ses courts m\u00e9trages ont \u00e9t\u00e9 pr\u00e9sent\u00e9s dans divers festivals internationaux et son film de dipl\u00f4me \u00ab\u00a0Les Heures-Encre\u00a0\u00bb [&hellip;]<\/p>\n","protected":false},"author":1,"featured_media":0,"parent":0,"menu_order":0,"comment_status":"open","ping_status":"closed","template":"","meta":{"footnotes":""},"class_list":["post-112","page","type-page","status-publish","hentry"],"_links":{"self":[{"href":"https:\/\/wendypillonel.ch\/fr\/wp-json\/wp\/v2\/pages\/112","targetHints":{"allow":["GET"]}}],"collection":[{"href":"https:\/\/wendypillonel.ch\/fr\/wp-json\/wp\/v2\/pages"}],"about":[{"href":"https:\/\/wendypillonel.ch\/fr\/wp-json\/wp\/v2\/types\/page"}],"author":[{"embeddable":true,"href":"https:\/\/wendypillonel.ch\/fr\/wp-json\/wp\/v2\/users\/1"}],"replies":[{"embeddable":true,"href":"https:\/\/wendypillonel.ch\/fr\/wp-json\/wp\/v2\/comments?post=112"}],"version-history":[{"count":127,"href":"https:\/\/wendypillonel.ch\/fr\/wp-json\/wp\/v2\/pages\/112\/revisions"}],"predecessor-version":[{"id":2601,"href":"https:\/\/wendypillonel.ch\/fr\/wp-json\/wp\/v2\/pages\/112\/revisions\/2601"}],"wp:attachment":[{"href":"https:\/\/wendypillonel.ch\/fr\/wp-json\/wp\/v2\/media?parent=112"}],"curies":[{"name":"wp","href":"https:\/\/api.w.org\/{rel}","templated":true}]}}